{"id":327,"date":"2024-06-25T10:40:01","date_gmt":"2024-06-25T10:40:01","guid":{"rendered":"https:\/\/inatic.impulsoce.net\/?page_id=327"},"modified":"2024-06-25T12:10:13","modified_gmt":"2024-06-25T12:10:13","slug":"casos-de-exito-2","status":"publish","type":"page","link":"https:\/\/inatic.impulsoce.net\/?page_id=327","title":{"rendered":"Certificados Acreditativos"},"content":{"rendered":"<p>[et_pb_section fb_built=\u00bb1&#8243; admin_label=\u00bbHeader\u00bb _builder_version=\u00bb4.25.2&#8243; _module_preset=\u00bbdefault\u00bb background_color=\u00bb#f3f4ef\u00bb background_image=\u00bbhttps:\/\/inatic.impulsoce.net\/wp-content\/uploads\/2024\/06\/keyboard-621829_1280.jpg\u00bb background_position=\u00bbbottom_center\u00bb custom_padding=\u00bb||3vw||false|false\u00bb hover_enabled=\u00bb0&#8243; global_colors_info=\u00bb{}\u00bb sticky_enabled=\u00bb0&#8243;][et_pb_row _builder_version=\u00bb4.25.2&#8243; _module_preset=\u00bbdefault\u00bb background_color=\u00bbrgba(255,255,255,0.71)\u00bb custom_margin=\u00bb||||false|false\u00bb custom_padding=\u00bb20px||20px|20px|true|false\u00bb global_colors_info=\u00bb{}\u00bb][et_pb_column type=\u00bb4_4&#8243; _builder_version=\u00bb4.16&#8243; _module_preset=\u00bbdefault\u00bb global_colors_info=\u00bb{}\u00bb][et_pb_text _builder_version=\u00bb4.25.2&#8243; _module_preset=\u00bb534cc526-6274-4e31-9e1a-7f18a5947bf1&#8243; text_text_color=\u00bb#FFFFFF\u00bb header_4_font=\u00bbHeebo|700||on|||||\u00bb header_4_text_color=\u00bb#FFFFFF\u00bb header_4_font_size=\u00bb12px\u00bb header_4_letter_spacing=\u00bb1px\u00bb header_4_line_height=\u00bb1.2em\u00bb background_color=\u00bb#5496EB\u00bb background_enable_image=\u00bboff\u00bb background_size=\u00bbinitial\u00bb background_position=\u00bbtop_left\u00bb custom_margin=\u00bb||30px||false|false\u00bb custom_padding=\u00bb4px|||63px|false|false\u00bb hover_enabled=\u00bb0&#8243; header_4_font_size_tablet=\u00bb\u00bb header_4_font_size_phone=\u00bb11px\u00bb header_4_font_size_last_edited=\u00bbon|phone\u00bb locked=\u00bboff\u00bb global_colors_info=\u00bb{}\u00bb sticky_enabled=\u00bb0&#8243;]<\/p>\n<h4>Solvencia Profesional<\/h4>\n<p>[\/et_pb_text][et_pb_text _builder_version=\u00bb4.25.2&#8243; _module_preset=\u00bbe864d11f-3dab-4fa3-ac06-4f0e1a260807&#8243; header_font=\u00bbHeebo|800|||||||\u00bb header_text_color=\u00bb#000000&#8243; header_font_size=\u00bb70px\u00bb header_line_height=\u00bb1.2em\u00bb hover_enabled=\u00bb0&#8243; header_font_size_tablet=\u00bb40px\u00bb header_font_size_phone=\u00bb24px\u00bb header_font_size_last_edited=\u00bbon|desktop\u00bb locked=\u00bboff\u00bb global_colors_info=\u00bb{}\u00bb sticky_enabled=\u00bb0&#8243;]<\/p>\n<h1>Certificados Acreditativos<\/h1>\n<p>[\/et_pb_text][\/et_pb_column][\/et_pb_row][\/et_pb_section][et_pb_section fb_built=\u00bb1&#8243; admin_label=\u00bbCase Studies\u00bb _builder_version=\u00bb4.16&#8243; _module_preset=\u00bbdefault\u00bb background_color=\u00bb#F3F4EF\u00bb background_image=\u00bbhttps:\/\/inatic.impulsoce.net\/wp-content\/uploads\/2024\/06\/consultant-10-scaled-1.jpg\u00bb background_position=\u00bbtop_left\u00bb global_colors_info=\u00bb{}\u00bb][et_pb_row column_structure=\u00bb1_4,1_4,1_4,1_4&#8243; use_custom_gutter=\u00bbon\u00bb gutter_width=\u00bb1&#8243; make_equal=\u00bbon\u00bb _builder_version=\u00bb4.25.2&#8243; _module_preset=\u00bbdefault\u00bb custom_padding=\u00bb0px||0px||true|false\u00bb hover_enabled=\u00bb0&#8243; border_width_all=\u00bb1px\u00bb global_colors_info=\u00bb{}\u00bb sticky_enabled=\u00bb0&#8243;][et_pb_column type=\u00bb1_4&#8243; _builder_version=\u00bb4.25.2&#8243; _module_preset=\u00bbdefault\u00bb background_color=\u00bb#0050b7&#8243; custom_padding=\u00bb55px|35px|55px|35px|true|true\u00bb custom_padding_tablet=\u00bb30px|30px|30px|30px|true|true\u00bb custom_padding_phone=\u00bb20px|20px|20px|20px|true|true\u00bb custom_padding_last_edited=\u00bbon|desktop\u00bb global_colors_info=\u00bb{}\u00bb][et_pb_text _builder_version=\u00bb4.25.2&#8243; _module_preset=\u00bbdefault\u00bb header_font_size=\u00bb40px\u00bb header_4_font=\u00bbHeebo|500||on|||||\u00bb header_4_text_color=\u00bb#FFFFFF\u00bb header_4_font_size=\u00bb24px\u00bb hover_enabled=\u00bb0&#8243; global_colors_info=\u00bb{}\u00bb sticky_enabled=\u00bb0&#8243; text_text_color=\u00bb#FFFFFF\u00bb]<\/p>\n<p>Daniel Saavedra Mar\u00edn Ingeniero de Telecomunicaci\u00f3n Colegiado n\u00ba 13.412 del Colegio Oficial de Ingenieros de Telecomunicaci\u00f3n<\/p>\n<p>[\/et_pb_text][\/et_pb_column][et_pb_column type=\u00bb1_4&#8243; _builder_version=\u00bb4.25.2&#8243; _module_preset=\u00bbdefault\u00bb background_color=\u00bb#FFFFFF\u00bb custom_padding=\u00bb50px|15px|50px|15px|true|true\u00bb hover_enabled=\u00bb0&#8243; global_colors_info=\u00bb{}\u00bb sticky_enabled=\u00bb0&#8243;][et_pb_image src=\u00bbhttps:\/\/inatic.impulsoce.net\/wp-content\/uploads\/2024\/06\/colegio-oficial-ingenieros-de-telecomunicacion.jpg\u00bb title_text=\u00bbcolegio-oficial-ingenieros-de-telecomunicacion\u00bb align=\u00bbcenter\u00bb _builder_version=\u00bb4.25.2&#8243; _module_preset=\u00bbdefault\u00bb hover_enabled=\u00bb0&#8243; global_colors_info=\u00bb{}\u00bb sticky_enabled=\u00bb0&#8243;][\/et_pb_image][\/et_pb_column][et_pb_column type=\u00bb1_4&#8243; _builder_version=\u00bb4.25.2&#8243; _module_preset=\u00bbdefault\u00bb background_color=\u00bb#0050b7&#8243; custom_padding=\u00bb55px|35px|55px|35px|true|true\u00bb global_colors_info=\u00bb{}\u00bb custom_padding_tablet=\u00bb30px|30px|30px|30px|true|true\u00bb custom_padding_phone=\u00bb20px|20px|20px|20px|true|true\u00bb custom_padding_last_edited=\u00bbon|desktop\u00bb][et_pb_text _builder_version=\u00bb4.25.2&#8243; _module_preset=\u00bbdefault\u00bb header_font_size=\u00bb40px\u00bb header_4_font=\u00bbHeebo|500||on|||||\u00bb header_4_text_color=\u00bb#FFFFFF\u00bb header_4_font_size=\u00bb24px\u00bb hover_enabled=\u00bb0&#8243; global_colors_info=\u00bb{}\u00bb sticky_enabled=\u00bb0&#8243; text_text_color=\u00bb#FFFFFF\u00bb]<\/p>\n<p>Consultor Homologado del Programa Cheque Innovaci\u00f3n de la Junta de Andaluc\u00eda.<\/p>\n<p>[\/et_pb_text][\/et_pb_column][et_pb_column type=\u00bb1_4&#8243; _builder_version=\u00bb4.25.2&#8243; _module_preset=\u00bbdefault\u00bb background_color=\u00bb#FFFFFF\u00bb custom_padding=\u00bb50px|15px|50px|15px|true|true\u00bb global_colors_info=\u00bb{}\u00bb][et_pb_image src=\u00bbhttps:\/\/inatic.impulsoce.net\/wp-content\/uploads\/2024\/06\/cheque-innovacion.jpg\u00bb title_text=\u00bbcheque-innovacion\u00bb align=\u00bbcenter\u00bb _builder_version=\u00bb4.25.2&#8243; _module_preset=\u00bbdefault\u00bb hover_enabled=\u00bb0&#8243; global_colors_info=\u00bb{}\u00bb sticky_enabled=\u00bb0&#8243;][\/et_pb_image][\/et_pb_column][\/et_pb_row][et_pb_row column_structure=\u00bb1_4,1_4,1_4,1_4&#8243; use_custom_gutter=\u00bbon\u00bb gutter_width=\u00bb1&#8243; make_equal=\u00bbon\u00bb _builder_version=\u00bb4.25.2&#8243; _module_preset=\u00bbdefault\u00bb custom_padding=\u00bb0px||0px||true|false\u00bb hover_enabled=\u00bb0&#8243; border_width_all=\u00bb1px\u00bb global_colors_info=\u00bb{}\u00bb sticky_enabled=\u00bb0&#8243;][et_pb_column type=\u00bb1_4&#8243; _builder_version=\u00bb4.25.2&#8243; _module_preset=\u00bbdefault\u00bb background_color=\u00bb#FFFFFF\u00bb custom_padding=\u00bb50px|15px|50px|15px|true|true\u00bb hover_enabled=\u00bb0&#8243; global_colors_info=\u00bb{}\u00bb sticky_enabled=\u00bb0&#8243;][et_pb_image src=\u00bbhttps:\/\/inatic.impulsoce.net\/wp-content\/uploads\/2024\/06\/info.jpg\u00bb title_text=\u00bbinfo\u00bb align=\u00bbcenter\u00bb _builder_version=\u00bb4.25.2&#8243; _module_preset=\u00bbdefault\u00bb hover_enabled=\u00bb0&#8243; global_colors_info=\u00bb{}\u00bb sticky_enabled=\u00bb0&#8243;][\/et_pb_image][\/et_pb_column][et_pb_column type=\u00bb1_4&#8243; _builder_version=\u00bb4.25.2&#8243; _module_preset=\u00bbdefault\u00bb background_color=\u00bb#0050b7&#8243; custom_padding=\u00bb55px|35px|55px|35px|true|true\u00bb custom_padding_tablet=\u00bb30px|30px|30px|30px|true|true\u00bb custom_padding_phone=\u00bb20px|20px|20px|20px|true|true\u00bb custom_padding_last_edited=\u00bbon|desktop\u00bb global_colors_info=\u00bb{}\u00bb][et_pb_text _builder_version=\u00bb4.25.2&#8243; _module_preset=\u00bbdefault\u00bb header_font_size=\u00bb40px\u00bb header_4_font=\u00bbHeebo|500||on|||||\u00bb header_4_text_color=\u00bb#FFFFFF\u00bb header_4_font_size=\u00bb24px\u00bb hover_enabled=\u00bb0&#8243; global_colors_info=\u00bb{}\u00bb sticky_enabled=\u00bb0&#8243; text_text_color=\u00bb#FFFFFF\u00bb]<\/p>\n<p>Consultor Homologado del Programa Cheque Innovaci\u00f3n de la Comunidad Aut\u00f3noma de la Regi\u00f3n de Murcia<\/p>\n<p>[\/et_pb_text][\/et_pb_column][et_pb_column type=\u00bb1_4&#8243; _builder_version=\u00bb4.25.2&#8243; _module_preset=\u00bbdefault\u00bb background_color=\u00bb#FFFFFF\u00bb custom_padding=\u00bb50px|15px|50px|15px|true|true\u00bb global_colors_info=\u00bb{}\u00bb][et_pb_image src=\u00bbhttps:\/\/inatic.impulsoce.net\/wp-content\/uploads\/2024\/06\/cheque-innovacion.jpg\u00bb title_text=\u00bbcheque-innovacion\u00bb align=\u00bbcenter\u00bb _builder_version=\u00bb4.25.2&#8243; _module_preset=\u00bbdefault\u00bb hover_enabled=\u00bb0&#8243; global_colors_info=\u00bb{}\u00bb sticky_enabled=\u00bb0&#8243;][\/et_pb_image][\/et_pb_column][et_pb_column type=\u00bb1_4&#8243; _builder_version=\u00bb4.25.2&#8243; _module_preset=\u00bbdefault\u00bb background_color=\u00bb#0050b7&#8243; custom_padding=\u00bb55px|35px|55px|35px|true|true\u00bb global_colors_info=\u00bb{}\u00bb custom_padding_tablet=\u00bb30px|30px|30px|30px|true|true\u00bb custom_padding_phone=\u00bb20px|20px|20px|20px|true|true\u00bb custom_padding_last_edited=\u00bbon|desktop\u00bb][et_pb_text _builder_version=\u00bb4.25.2&#8243; _module_preset=\u00bbdefault\u00bb header_font_size=\u00bb40px\u00bb header_4_font=\u00bbHeebo|500||on|||||\u00bb header_4_text_color=\u00bb#FFFFFF\u00bb header_4_font_size=\u00bb24px\u00bb hover_enabled=\u00bb0&#8243; global_colors_info=\u00bb{}\u00bb sticky_enabled=\u00bb0&#8243; text_text_color=\u00bb#FFFFFF\u00bb]<\/p>\n<p>Consultor Homologado del Programa Cheque Innovaci\u00f3n de la Junta de Andaluc\u00eda.<\/p>\n<p>[\/et_pb_text][\/et_pb_column][\/et_pb_row][et_pb_row column_structure=\u00bb1_4,1_4,1_4,1_4&#8243; use_custom_gutter=\u00bbon\u00bb gutter_width=\u00bb1&#8243; make_equal=\u00bbon\u00bb _builder_version=\u00bb4.25.2&#8243; _module_preset=\u00bbdefault\u00bb custom_padding=\u00bb0px||0px||true|false\u00bb hover_enabled=\u00bb0&#8243; border_width_all=\u00bb1px\u00bb global_colors_info=\u00bb{}\u00bb sticky_enabled=\u00bb0&#8243;][et_pb_column type=\u00bb1_4&#8243; _builder_version=\u00bb4.25.2&#8243; _module_preset=\u00bbdefault\u00bb background_color=\u00bb#0050b7&#8243; custom_padding=\u00bb55px|35px|55px|35px|true|true\u00bb custom_padding_tablet=\u00bb30px|30px|30px|30px|true|true\u00bb custom_padding_phone=\u00bb20px|20px|20px|20px|true|true\u00bb custom_padding_last_edited=\u00bbon|desktop\u00bb global_colors_info=\u00bb{}\u00bb][et_pb_text _builder_version=\u00bb4.25.2&#8243; _module_preset=\u00bbdefault\u00bb header_font_size=\u00bb40px\u00bb header_4_font=\u00bbHeebo|500||on|||||\u00bb header_4_text_color=\u00bb#FFFFFF\u00bb header_4_font_size=\u00bb24px\u00bb hover_enabled=\u00bb0&#8243; global_colors_info=\u00bb{}\u00bb sticky_enabled=\u00bb0&#8243; text_text_color=\u00bb#FFFFFF\u00bb]<\/p>\n<p>Daniel Saavedra Mar\u00edn Ingeniero de Telecomunicaci\u00f3n Colegiado n\u00ba 13.412 del Colegio Oficial de Ingenieros de Telecomunicaci\u00f3n<\/p>\n<p>[\/et_pb_text][\/et_pb_column][et_pb_column type=\u00bb1_4&#8243; _builder_version=\u00bb4.25.2&#8243; _module_preset=\u00bbdefault\u00bb background_color=\u00bb#FFFFFF\u00bb custom_padding=\u00bb50px|15px|50px|15px|true|true\u00bb hover_enabled=\u00bb0&#8243; global_colors_info=\u00bb{}\u00bb sticky_enabled=\u00bb0&#8243;][et_pb_image src=\u00bbhttps:\/\/inatic.impulsoce.net\/wp-content\/uploads\/2024\/06\/colegio-oficial-ingenieros-de-telecomunicacion.jpg\u00bb title_text=\u00bbcolegio-oficial-ingenieros-de-telecomunicacion\u00bb align=\u00bbcenter\u00bb _builder_version=\u00bb4.25.2&#8243; _module_preset=\u00bbdefault\u00bb hover_enabled=\u00bb0&#8243; global_colors_info=\u00bb{}\u00bb sticky_enabled=\u00bb0&#8243;][\/et_pb_image][\/et_pb_column][et_pb_column type=\u00bb1_4&#8243; _builder_version=\u00bb4.25.2&#8243; _module_preset=\u00bbdefault\u00bb background_color=\u00bb#0050b7&#8243; custom_padding=\u00bb55px|35px|55px|35px|true|true\u00bb global_colors_info=\u00bb{}\u00bb custom_padding_tablet=\u00bb30px|30px|30px|30px|true|true\u00bb custom_padding_phone=\u00bb20px|20px|20px|20px|true|true\u00bb custom_padding_last_edited=\u00bbon|desktop\u00bb][et_pb_text _builder_version=\u00bb4.25.2&#8243; _module_preset=\u00bbdefault\u00bb header_font_size=\u00bb40px\u00bb header_4_font=\u00bbHeebo|500||on|||||\u00bb header_4_text_color=\u00bb#FFFFFF\u00bb header_4_font_size=\u00bb24px\u00bb hover_enabled=\u00bb0&#8243; global_colors_info=\u00bb{}\u00bb sticky_enabled=\u00bb0&#8243; text_text_color=\u00bb#FFFFFF\u00bb]<\/p>\n<p>Consultor Homologado del Programa Cheque Innovaci\u00f3n de la Junta de Andaluc\u00eda.<\/p>\n<p>[\/et_pb_text][\/et_pb_column][et_pb_column type=\u00bb1_4&#8243; _builder_version=\u00bb4.25.2&#8243; _module_preset=\u00bbdefault\u00bb background_color=\u00bb#FFFFFF\u00bb custom_padding=\u00bb50px|15px|50px|15px|true|true\u00bb global_colors_info=\u00bb{}\u00bb][et_pb_image src=\u00bbhttps:\/\/inatic.impulsoce.net\/wp-content\/uploads\/2024\/06\/cheque-innovacion.jpg\u00bb title_text=\u00bbcheque-innovacion\u00bb align=\u00bbcenter\u00bb _builder_version=\u00bb4.25.2&#8243; _module_preset=\u00bbdefault\u00bb hover_enabled=\u00bb0&#8243; global_colors_info=\u00bb{}\u00bb sticky_enabled=\u00bb0&#8243;][\/et_pb_image][\/et_pb_column][\/et_pb_row][\/et_pb_section]<\/p>\n","protected":false},"excerpt":{"rendered":"<p>Solvencia ProfesionalCertificados AcreditativosDaniel Saavedra Mar\u00edn Ingeniero de Telecomunicaci\u00f3n Colegiado n\u00ba 13.412 del Colegio Oficial de Ingenieros de Telecomunicaci\u00f3nConsultor Homologado del Programa Cheque Innovaci\u00f3n de la Junta de Andaluc\u00eda.Consultor Homologado del Programa Cheque Innovaci\u00f3n de la Comunidad Aut\u00f3noma de la Regi\u00f3n de MurciaConsultor Homologado del Programa Cheque Innovaci\u00f3n de la Junta de Andaluc\u00eda.Daniel Saavedra Mar\u00edn Ingeniero [&hellip;]<\/p>\n","protected":false},"author":1,"featured_media":0,"parent":0,"menu_order":0,"comment_status":"closed","ping_status":"closed","template":"","meta":{"_et_pb_use_builder":"on","_et_pb_old_content":"","_et_gb_content_width":"","footnotes":""},"class_list":["post-327","page","type-page","status-publish","hentry"],"_links":{"self":[{"href":"https:\/\/inatic.impulsoce.net\/index.php?rest_route=\/wp\/v2\/pages\/327","targetHints":{"allow":["GET"]}}],"collection":[{"href":"https:\/\/inatic.impulsoce.net\/index.php?rest_route=\/wp\/v2\/pages"}],"about":[{"href":"https:\/\/inatic.impulsoce.net\/index.php?rest_route=\/wp\/v2\/types\/page"}],"author":[{"embeddable":true,"href":"https:\/\/inatic.impulsoce.net\/index.php?rest_route=\/wp\/v2\/users\/1"}],"replies":[{"embeddable":true,"href":"https:\/\/inatic.impulsoce.net\/index.php?rest_route=%2Fwp%2Fv2%2Fcomments&post=327"}],"version-history":[{"count":6,"href":"https:\/\/inatic.impulsoce.net\/index.php?rest_route=\/wp\/v2\/pages\/327\/revisions"}],"predecessor-version":[{"id":339,"href":"https:\/\/inatic.impulsoce.net\/index.php?rest_route=\/wp\/v2\/pages\/327\/revisions\/339"}],"wp:attachment":[{"href":"https:\/\/inatic.impulsoce.net\/index.php?rest_route=%2Fwp%2Fv2%2Fmedia&parent=327"}],"curies":[{"name":"wp","href":"https:\/\/api.w.org\/{rel}","templated":true}]}}