{"id":289,"date":"2024-06-25T07:19:07","date_gmt":"2024-06-25T07:19:07","guid":{"rendered":"https:\/\/inatic.impulsoce.net\/?page_id=289"},"modified":"2024-06-25T07:28:49","modified_gmt":"2024-06-25T07:28:49","slug":"ayudas-y-subvenciones","status":"publish","type":"page","link":"https:\/\/inatic.impulsoce.net\/?page_id=289","title":{"rendered":"Ayudas y Subvenciones"},"content":{"rendered":"<p>[et_pb_section fb_built=\u00bb1&#8243; admin_label=\u00bbHeader\u00bb _builder_version=\u00bb4.25.2&#8243; _module_preset=\u00bbdefault\u00bb background_color=\u00bb#F3F4EF\u00bb background_image=\u00bbhttps:\/\/inatic.impulsoce.net\/wp-content\/uploads\/2024\/06\/button-2076_1280-1.jpg\u00bb background_position=\u00bbtop_center\u00bb hover_enabled=\u00bb0&#8243; global_colors_info=\u00bb{}\u00bb title_text=\u00bbbutton-2076_1280&#8243; sticky_enabled=\u00bb0&#8243; background_vertical_offset=\u00bb56%\u00bb][et_pb_row _builder_version=\u00bb4.25.2&#8243; _module_preset=\u00bbdefault\u00bb background_color=\u00bbrgba(255,255,255,0.54)\u00bb custom_padding=\u00bb20px|20px|20px|20px|true|true\u00bb global_colors_info=\u00bb{}\u00bb][et_pb_column type=\u00bb4_4&#8243; _builder_version=\u00bb4.16&#8243; _module_preset=\u00bbdefault\u00bb global_colors_info=\u00bb{}\u00bb][et_pb_text _builder_version=\u00bb4.25.2&#8243; _module_preset=\u00bb534cc526-6274-4e31-9e1a-7f18a5947bf1&#8243; text_text_color=\u00bb#FFFFFF\u00bb header_4_font=\u00bbHeebo|700||on|||||\u00bb header_4_text_color=\u00bb#FFFFFF\u00bb header_4_font_size=\u00bb12px\u00bb header_4_letter_spacing=\u00bb1px\u00bb header_4_line_height=\u00bb1.2em\u00bb background_color=\u00bb#5496EB\u00bb background_enable_image=\u00bboff\u00bb background_size=\u00bbinitial\u00bb background_position=\u00bbtop_left\u00bb custom_margin=\u00bb||30px||false|false\u00bb custom_padding=\u00bb4px|||63px|false|false\u00bb hover_enabled=\u00bb0&#8243; header_4_font_size_tablet=\u00bb\u00bb header_4_font_size_phone=\u00bb11px\u00bb header_4_font_size_last_edited=\u00bbon|phone\u00bb locked=\u00bboff\u00bb global_colors_info=\u00bb{}\u00bb sticky_enabled=\u00bb0&#8243;]<\/p>\n<h4><span>Ayudas y Subvenciones<\/span><\/h4>\n<p>[\/et_pb_text][et_pb_text _builder_version=\u00bb4.16&#8243; _module_preset=\u00bbe864d11f-3dab-4fa3-ac06-4f0e1a260807&#8243; header_font=\u00bbHeebo|800|||||||\u00bb header_text_color=\u00bb#000000&#8243; header_font_size=\u00bb70px\u00bb header_line_height=\u00bb1.2em\u00bb header_font_size_tablet=\u00bb40px\u00bb header_font_size_phone=\u00bb24px\u00bb header_font_size_last_edited=\u00bbon|desktop\u00bb global_colors_info=\u00bb{}\u00bb]<\/p>\n<h1><span>Solicitud de Ayudas y Subvenciones<\/span>.<\/h1>\n<p>[\/et_pb_text][\/et_pb_column][\/et_pb_row][\/et_pb_section][et_pb_section fb_built=\u00bb1&#8243; _builder_version=\u00bb4.25.2&#8243; _module_preset=\u00bbdefault\u00bb global_colors_info=\u00bb{}\u00bb][et_pb_row column_structure=\u00bb2_3,1_3&#8243; _builder_version=\u00bb4.25.2&#8243; _module_preset=\u00bbdefault\u00bb global_colors_info=\u00bb{}\u00bb][et_pb_column type=\u00bb2_3&#8243; _builder_version=\u00bb4.25.2&#8243; _module_preset=\u00bbdefault\u00bb global_colors_info=\u00bb{}\u00bb][et_pb_blurb title=\u00bbTramitaci\u00f3n de Autorizaciones de Ocupaci\u00f3n del Dominio P\u00fablico para Despliegue de Redes de Comunicaciones ante Ayuntamientos.\u00bb use_icon=\u00bbon\u00bb font_icon=\u00bb&#xf0ae;||fa||900&#8243; icon_color=\u00bb#0050B7&#8243; icon_placement=\u00bbleft\u00bb image_icon_width=\u00bb64px\u00bb content_max_width=\u00bb100%\u00bb image_icon_width_tablet=\u00bb\u00bb image_icon_width_phone=\u00bb32px\u00bb image_icon_width_last_edited=\u00bbon|phone\u00bb _builder_version=\u00bb4.25.2&#8243; _module_preset=\u00bba947262d-0701-4077-825d-1385639c524f\u00bb header_font=\u00bbHeebo|500|||||||\u00bb header_text_color=\u00bb#000000&#8243; header_line_height=\u00bb1.3em\u00bb body_font=\u00bbHeebo|500|||||||\u00bb body_font_size=\u00bb16px\u00bb body_line_height=\u00bb1.5em\u00bb animation=\u00bboff\u00bb header_font_size_tablet=\u00bb16px\u00bb header_font_size_phone=\u00bb14px\u00bb header_font_size_last_edited=\u00bbon|desktop\u00bb body_font_size_tablet=\u00bb\u00bb body_font_size_phone=\u00bb14px\u00bb body_font_size_last_edited=\u00bbon|phone\u00bb locked=\u00bboff\u00bb global_colors_info=\u00bb{}\u00bb][\/et_pb_blurb][\/et_pb_column][et_pb_column type=\u00bb1_3&#8243; _builder_version=\u00bb4.25.2&#8243; _module_preset=\u00bbdefault\u00bb global_colors_info=\u00bb{}\u00bb][et_pb_image src=\u00bbhttps:\/\/inatic.impulsoce.net\/wp-content\/uploads\/2024\/06\/logo-ayuntamiento-ontinyent-1200&#215;462-1.png\u00bb title_text=\u00bblogo-ayuntamiento-ontinyent-1200&#215;462&#8243; _builder_version=\u00bb4.25.2&#8243; _module_preset=\u00bbdefault\u00bb global_colors_info=\u00bb{}\u00bb][\/et_pb_image][\/et_pb_column][\/et_pb_row][et_pb_row column_structure=\u00bb2_3,1_3&#8243; _builder_version=\u00bb4.25.2&#8243; _module_preset=\u00bbdefault\u00bb global_colors_info=\u00bb{}\u00bb][et_pb_column type=\u00bb2_3&#8243; _builder_version=\u00bb4.25.2&#8243; _module_preset=\u00bbdefault\u00bb global_colors_info=\u00bb{}\u00bb][et_pb_blurb title=\u00bbInscripciones y Modificaciones en el Registro de Operadores de Telecomunicaciones ante la CNMC.\u00bb use_icon=\u00bbon\u00bb font_icon=\u00bb&#xf022;||fa||400&#8243; icon_color=\u00bb#0050B7&#8243; icon_placement=\u00bbleft\u00bb image_icon_width=\u00bb64px\u00bb content_max_width=\u00bb100%\u00bb image_icon_width_tablet=\u00bb\u00bb image_icon_width_phone=\u00bb32px\u00bb image_icon_width_last_edited=\u00bbon|phone\u00bb _builder_version=\u00bb4.25.2&#8243; _module_preset=\u00bba947262d-0701-4077-825d-1385639c524f\u00bb header_font=\u00bbHeebo|500|||||||\u00bb header_text_color=\u00bb#000000&#8243; header_line_height=\u00bb1.3em\u00bb body_font=\u00bbHeebo|500|||||||\u00bb body_font_size=\u00bb16px\u00bb body_line_height=\u00bb1.5em\u00bb animation=\u00bboff\u00bb header_font_size_tablet=\u00bb16px\u00bb header_font_size_phone=\u00bb14px\u00bb header_font_size_last_edited=\u00bbon|desktop\u00bb body_font_size_tablet=\u00bb\u00bb body_font_size_phone=\u00bb14px\u00bb body_font_size_last_edited=\u00bbon|phone\u00bb locked=\u00bboff\u00bb global_colors_info=\u00bb{}\u00bb][\/et_pb_blurb][\/et_pb_column][et_pb_column type=\u00bb1_3&#8243; _builder_version=\u00bb4.25.2&#8243; _module_preset=\u00bbdefault\u00bb global_colors_info=\u00bb{}\u00bb][et_pb_image src=\u00bbhttps:\/\/inatic.impulsoce.net\/wp-content\/uploads\/2024\/06\/CNMC.png\u00bb title_text=\u00bbCNMC\u00bb _builder_version=\u00bb4.25.2&#8243; _module_preset=\u00bbdefault\u00bb global_colors_info=\u00bb{}\u00bb][\/et_pb_image][\/et_pb_column][\/et_pb_row][et_pb_row column_structure=\u00bb2_3,1_3&#8243; _builder_version=\u00bb4.25.2&#8243; _module_preset=\u00bbdefault\u00bb global_colors_info=\u00bb{}\u00bb][et_pb_column type=\u00bb2_3&#8243; _builder_version=\u00bb4.25.2&#8243; _module_preset=\u00bbdefault\u00bb global_colors_info=\u00bb{}\u00bb][et_pb_blurb title=\u00bbSolicitud de Licencias de Frecuencias de Uso Privativo para Radioenlaces Licenciados ante el Ministerio de Industria, Energ\u00eda y Turismo.\u00bb use_icon=\u00bbon\u00bb font_icon=\u00bb&#xf83e;||fa||900&#8243; icon_color=\u00bb#0050B7&#8243; icon_placement=\u00bbleft\u00bb image_icon_width=\u00bb64px\u00bb content_max_width=\u00bb100%\u00bb image_icon_width_tablet=\u00bb\u00bb image_icon_width_phone=\u00bb32px\u00bb image_icon_width_last_edited=\u00bbon|phone\u00bb _builder_version=\u00bb4.25.2&#8243; _module_preset=\u00bba947262d-0701-4077-825d-1385639c524f\u00bb header_font=\u00bbHeebo|500|||||||\u00bb header_text_color=\u00bb#000000&#8243; header_line_height=\u00bb1.3em\u00bb body_font=\u00bbHeebo|500|||||||\u00bb body_font_size=\u00bb16px\u00bb body_line_height=\u00bb1.5em\u00bb animation=\u00bboff\u00bb header_font_size_tablet=\u00bb16px\u00bb header_font_size_phone=\u00bb14px\u00bb header_font_size_last_edited=\u00bbon|desktop\u00bb body_font_size_tablet=\u00bb\u00bb body_font_size_phone=\u00bb14px\u00bb body_font_size_last_edited=\u00bbon|phone\u00bb locked=\u00bboff\u00bb global_colors_info=\u00bb{}\u00bb][\/et_pb_blurb][\/et_pb_column][et_pb_column type=\u00bb1_3&#8243; _builder_version=\u00bb4.25.2&#8243; _module_preset=\u00bbdefault\u00bb global_colors_info=\u00bb{}\u00bb][et_pb_image src=\u00bbhttps:\/\/inatic.impulsoce.net\/wp-content\/uploads\/2024\/06\/logo-ministerio-industria.png\u00bb title_text=\u00bblogo-ministerio-industria\u00bb _builder_version=\u00bb4.25.2&#8243; _module_preset=\u00bbdefault\u00bb global_colors_info=\u00bb{}\u00bb][\/et_pb_image][\/et_pb_column][\/et_pb_row][et_pb_row column_structure=\u00bb2_3,1_3&#8243; _builder_version=\u00bb4.25.2&#8243; _module_preset=\u00bbdefault\u00bb global_colors_info=\u00bb{}\u00bb][et_pb_column type=\u00bb2_3&#8243; _builder_version=\u00bb4.25.2&#8243; _module_preset=\u00bbdefault\u00bb global_colors_info=\u00bb{}\u00bb][et_pb_blurb title=\u00bbEstudios mediante GEOMARKETIN (analizando poblaci\u00f3n, nivel de renta, edad, densidad, nivel de desempleo) con el fin de seleccionar n\u00facleos urbanos en los que llevar despliegues de redes de Comunicaciones Electr\u00f3nicas.\u00bb use_icon=\u00bbon\u00bb font_icon=\u00bb&#xf59f;||fa||900&#8243; icon_color=\u00bb#0050B7&#8243; icon_placement=\u00bbleft\u00bb image_icon_width=\u00bb64px\u00bb content_max_width=\u00bb100%\u00bb image_icon_width_tablet=\u00bb\u00bb image_icon_width_phone=\u00bb32px\u00bb image_icon_width_last_edited=\u00bbon|phone\u00bb _builder_version=\u00bb4.25.2&#8243; _module_preset=\u00bba947262d-0701-4077-825d-1385639c524f\u00bb header_font=\u00bbHeebo|500|||||||\u00bb header_text_color=\u00bb#000000&#8243; header_line_height=\u00bb1.3em\u00bb body_font=\u00bbHeebo|500|||||||\u00bb body_font_size=\u00bb16px\u00bb body_line_height=\u00bb1.5em\u00bb animation=\u00bboff\u00bb header_font_size_tablet=\u00bb16px\u00bb header_font_size_phone=\u00bb14px\u00bb header_font_size_last_edited=\u00bbon|desktop\u00bb body_font_size_tablet=\u00bb\u00bb body_font_size_phone=\u00bb14px\u00bb body_font_size_last_edited=\u00bbon|phone\u00bb locked=\u00bboff\u00bb global_colors_info=\u00bb{}\u00bb][\/et_pb_blurb][\/et_pb_column][et_pb_column type=\u00bb1_3&#8243; _builder_version=\u00bb4.25.2&#8243; _module_preset=\u00bbdefault\u00bb global_colors_info=\u00bb{}\u00bb][et_pb_image src=\u00bbhttps:\/\/inatic.impulsoce.net\/wp-content\/uploads\/2024\/06\/geomarketin.png\u00bb title_text=\u00bbgeomarketin\u00bb _builder_version=\u00bb4.25.2&#8243; _module_preset=\u00bbdefault\u00bb global_colors_info=\u00bb{}\u00bb][\/et_pb_image][\/et_pb_column][\/et_pb_row][et_pb_row column_structure=\u00bb2_3,1_3&#8243; _builder_version=\u00bb4.25.2&#8243; _module_preset=\u00bbdefault\u00bb global_colors_info=\u00bb{}\u00bb][et_pb_column type=\u00bb2_3&#8243; _builder_version=\u00bb4.25.2&#8243; _module_preset=\u00bbdefault\u00bb global_colors_info=\u00bb{}\u00bb][et_pb_blurb title=\u00bbConteo de Unidades Inmobiliarias, con indicaci\u00f3n del tipo de viviendas mediante informaci\u00f3n de la Sede Electr\u00f3nica del Catastro.\u00bb use_icon=\u00bbon\u00bb font_icon=\u00bb&#xe066;||fa||900&#8243; icon_color=\u00bb#0050B7&#8243; icon_placement=\u00bbleft\u00bb image_icon_width=\u00bb64px\u00bb content_max_width=\u00bb100%\u00bb image_icon_width_tablet=\u00bb\u00bb image_icon_width_phone=\u00bb32px\u00bb image_icon_width_last_edited=\u00bbon|phone\u00bb _builder_version=\u00bb4.25.2&#8243; _module_preset=\u00bba947262d-0701-4077-825d-1385639c524f\u00bb header_font=\u00bbHeebo|500|||||||\u00bb header_text_color=\u00bb#000000&#8243; header_line_height=\u00bb1.3em\u00bb body_font=\u00bbHeebo|500|||||||\u00bb body_font_size=\u00bb16px\u00bb body_line_height=\u00bb1.5em\u00bb animation=\u00bboff\u00bb header_font_size_tablet=\u00bb16px\u00bb header_font_size_phone=\u00bb14px\u00bb header_font_size_last_edited=\u00bbon|desktop\u00bb body_font_size_tablet=\u00bb\u00bb body_font_size_phone=\u00bb14px\u00bb body_font_size_last_edited=\u00bbon|phone\u00bb locked=\u00bboff\u00bb global_colors_info=\u00bb{}\u00bb][\/et_pb_blurb][\/et_pb_column][et_pb_column type=\u00bb1_3&#8243; _builder_version=\u00bb4.25.2&#8243; _module_preset=\u00bbdefault\u00bb global_colors_info=\u00bb{}\u00bb][et_pb_image src=\u00bbhttps:\/\/inatic.impulsoce.net\/wp-content\/uploads\/2024\/06\/catastro.jpg\u00bb title_text=\u00bbcatastro\u00bb _builder_version=\u00bb4.25.2&#8243; _module_preset=\u00bbdefault\u00bb global_colors_info=\u00bb{}\u00bb][\/et_pb_image][\/et_pb_column][\/et_pb_row][et_pb_row column_structure=\u00bb2_3,1_3&#8243; _builder_version=\u00bb4.25.2&#8243; _module_preset=\u00bbdefault\u00bb global_colors_info=\u00bb{}\u00bb][et_pb_column type=\u00bb2_3&#8243; _builder_version=\u00bb4.25.2&#8243; _module_preset=\u00bbdefault\u00bb global_colors_info=\u00bb{}\u00bb][et_pb_blurb title=\u00bbPreparaci\u00f3n de Documentaci\u00f3n T\u00e9cnica y Administrativa para participar en Licitaciones y Contrataciones P\u00fablicas de Servicios de Telecomunicaciones.\u00bb use_icon=\u00bbon\u00bb font_icon=\u00bb&#x69;||divi||400&#8243; icon_color=\u00bb#0050B7&#8243; icon_placement=\u00bbleft\u00bb image_icon_width=\u00bb64px\u00bb content_max_width=\u00bb100%\u00bb image_icon_width_tablet=\u00bb\u00bb image_icon_width_phone=\u00bb32px\u00bb image_icon_width_last_edited=\u00bbon|phone\u00bb _builder_version=\u00bb4.25.2&#8243; _module_preset=\u00bba947262d-0701-4077-825d-1385639c524f\u00bb header_font=\u00bbHeebo|500|||||||\u00bb header_text_color=\u00bb#000000&#8243; header_line_height=\u00bb1.3em\u00bb body_font=\u00bbHeebo|500|||||||\u00bb body_font_size=\u00bb16px\u00bb body_line_height=\u00bb1.5em\u00bb animation=\u00bboff\u00bb header_font_size_tablet=\u00bb16px\u00bb header_font_size_phone=\u00bb14px\u00bb header_font_size_last_edited=\u00bbon|desktop\u00bb body_font_size_tablet=\u00bb\u00bb body_font_size_phone=\u00bb14px\u00bb body_font_size_last_edited=\u00bbon|phone\u00bb locked=\u00bboff\u00bb global_colors_info=\u00bb{}\u00bb][\/et_pb_blurb][\/et_pb_column][et_pb_column type=\u00bb1_3&#8243; _builder_version=\u00bb4.25.2&#8243; _module_preset=\u00bbdefault\u00bb global_colors_info=\u00bb{}\u00bb][et_pb_image src=\u00bbhttps:\/\/inatic.impulsoce.net\/wp-content\/uploads\/2024\/06\/ctnet.jpg\u00bb title_text=\u00bbctnet\u00bb _builder_version=\u00bb4.25.2&#8243; _module_preset=\u00bbdefault\u00bb global_colors_info=\u00bb{}\u00bb][\/et_pb_image][\/et_pb_column][\/et_pb_row][et_pb_row column_structure=\u00bb2_3,1_3&#8243; _builder_version=\u00bb4.25.2&#8243; _module_preset=\u00bbdefault\u00bb global_colors_info=\u00bb{}\u00bb][et_pb_column type=\u00bb2_3&#8243; _builder_version=\u00bb4.25.2&#8243; _module_preset=\u00bbdefault\u00bb global_colors_info=\u00bb{}\u00bb][et_pb_blurb title=\u00bbRealizaci\u00f3n de estudios de Cobertura mediante software SIRENET de tecnolog\u00edas inal\u00e1mbricas Wi-fi\/PreWimax\/LTE\u00bb use_icon=\u00bbon\u00bb font_icon=\u00bb&#xf519;||fa||900&#8243; icon_color=\u00bb#0050B7&#8243; icon_placement=\u00bbleft\u00bb image_icon_width=\u00bb64px\u00bb content_max_width=\u00bb100%\u00bb image_icon_width_tablet=\u00bb\u00bb image_icon_width_phone=\u00bb32px\u00bb image_icon_width_last_edited=\u00bbon|phone\u00bb _builder_version=\u00bb4.25.2&#8243; _module_preset=\u00bba947262d-0701-4077-825d-1385639c524f\u00bb header_font=\u00bbHeebo|500|||||||\u00bb header_text_color=\u00bb#000000&#8243; header_line_height=\u00bb1.3em\u00bb body_font=\u00bbHeebo|500|||||||\u00bb body_font_size=\u00bb16px\u00bb body_line_height=\u00bb1.5em\u00bb animation=\u00bboff\u00bb header_font_size_tablet=\u00bb16px\u00bb header_font_size_phone=\u00bb14px\u00bb header_font_size_last_edited=\u00bbon|desktop\u00bb body_font_size_tablet=\u00bb\u00bb body_font_size_phone=\u00bb14px\u00bb body_font_size_last_edited=\u00bbon|phone\u00bb locked=\u00bboff\u00bb global_colors_info=\u00bb{}\u00bb][\/et_pb_blurb][\/et_pb_column][et_pb_column type=\u00bb1_3&#8243; _builder_version=\u00bb4.25.2&#8243; _module_preset=\u00bbdefault\u00bb global_colors_info=\u00bb{}\u00bb][et_pb_image src=\u00bbhttps:\/\/inatic.impulsoce.net\/wp-content\/uploads\/2024\/06\/xirio.jpg\u00bb title_text=\u00bbxirio\u00bb _builder_version=\u00bb4.25.2&#8243; _module_preset=\u00bbdefault\u00bb global_colors_info=\u00bb{}\u00bb][\/et_pb_image][\/et_pb_column][\/et_pb_row][et_pb_row column_structure=\u00bb2_3,1_3&#8243; _builder_version=\u00bb4.25.2&#8243; _module_preset=\u00bbdefault\u00bb global_colors_info=\u00bb{}\u00bb][et_pb_column type=\u00bb2_3&#8243; _builder_version=\u00bb4.25.2&#8243; _module_preset=\u00bbdefault\u00bb global_colors_info=\u00bb{}\u00bb][et_pb_blurb title=\u00bbElaboraci\u00f3n de Informes Periciales ante sabotajes y da\u00f1os sufridos en redes de comunicaciones.\u00bb use_icon=\u00bbon\u00bb font_icon=\u00bb&#xf002;||fa||900&#8243; icon_color=\u00bb#0050B7&#8243; icon_placement=\u00bbleft\u00bb image_icon_width=\u00bb64px\u00bb content_max_width=\u00bb100%\u00bb image_icon_width_tablet=\u00bb\u00bb image_icon_width_phone=\u00bb32px\u00bb image_icon_width_last_edited=\u00bbon|phone\u00bb _builder_version=\u00bb4.25.2&#8243; _module_preset=\u00bba947262d-0701-4077-825d-1385639c524f\u00bb header_font=\u00bbHeebo|500|||||||\u00bb header_text_color=\u00bb#000000&#8243; header_line_height=\u00bb1.3em\u00bb body_font=\u00bbHeebo|500|||||||\u00bb body_font_size=\u00bb16px\u00bb body_line_height=\u00bb1.5em\u00bb animation=\u00bboff\u00bb header_font_size_tablet=\u00bb16px\u00bb header_font_size_phone=\u00bb14px\u00bb header_font_size_last_edited=\u00bbon|desktop\u00bb body_font_size_tablet=\u00bb\u00bb body_font_size_phone=\u00bb14px\u00bb body_font_size_last_edited=\u00bbon|phone\u00bb locked=\u00bboff\u00bb global_colors_info=\u00bb{}\u00bb][\/et_pb_blurb][\/et_pb_column][et_pb_column type=\u00bb1_3&#8243; _builder_version=\u00bb4.25.2&#8243; _module_preset=\u00bbdefault\u00bb global_colors_info=\u00bb{}\u00bb][et_pb_image src=\u00bbhttps:\/\/inatic.impulsoce.net\/wp-content\/uploads\/2024\/06\/informes-sabotajes.jpg\u00bb title_text=\u00bbinformes-sabotajes\u00bb _builder_version=\u00bb4.25.2&#8243; _module_preset=\u00bbdefault\u00bb global_colors_info=\u00bb{}\u00bb][\/et_pb_image][\/et_pb_column][\/et_pb_row][et_pb_row column_structure=\u00bb2_3,1_3&#8243; _builder_version=\u00bb4.25.2&#8243; _module_preset=\u00bbdefault\u00bb global_colors_info=\u00bb{}\u00bb][et_pb_column type=\u00bb2_3&#8243; _builder_version=\u00bb4.25.2&#8243; _module_preset=\u00bbdefault\u00bb global_colors_info=\u00bb{}\u00bb][et_pb_blurb title=\u00bbSolicitud de Emplazamientos en el dominio privado para ubicaci\u00f3n de Estaciones Base Inal\u00e1mbricas.\u00bb use_icon=\u00bbon\u00bb font_icon=\u00bb&#xf1eb;||fa||900&#8243; icon_color=\u00bb#0050B7&#8243; icon_placement=\u00bbleft\u00bb image_icon_width=\u00bb64px\u00bb content_max_width=\u00bb100%\u00bb image_icon_width_tablet=\u00bb\u00bb image_icon_width_phone=\u00bb32px\u00bb image_icon_width_last_edited=\u00bbon|phone\u00bb _builder_version=\u00bb4.25.2&#8243; _module_preset=\u00bba947262d-0701-4077-825d-1385639c524f\u00bb header_font=\u00bbHeebo|500|||||||\u00bb header_text_color=\u00bb#000000&#8243; header_line_height=\u00bb1.3em\u00bb body_font=\u00bbHeebo|500|||||||\u00bb body_font_size=\u00bb16px\u00bb body_line_height=\u00bb1.5em\u00bb animation=\u00bboff\u00bb header_font_size_tablet=\u00bb16px\u00bb header_font_size_phone=\u00bb14px\u00bb header_font_size_last_edited=\u00bbon|desktop\u00bb body_font_size_tablet=\u00bb\u00bb body_font_size_phone=\u00bb14px\u00bb body_font_size_last_edited=\u00bbon|phone\u00bb locked=\u00bboff\u00bb global_colors_info=\u00bb{}\u00bb][\/et_pb_blurb][\/et_pb_column][et_pb_column type=\u00bb1_3&#8243; _builder_version=\u00bb4.25.2&#8243; _module_preset=\u00bbdefault\u00bb global_colors_info=\u00bb{}\u00bb][et_pb_image src=\u00bbhttps:\/\/inatic.impulsoce.net\/wp-content\/uploads\/2024\/06\/estaciones-base-inalambricas.jpg\u00bb title_text=\u00bbestaciones-base-inalambricas\u00bb _builder_version=\u00bb4.25.2&#8243; _module_preset=\u00bbdefault\u00bb global_colors_info=\u00bb{}\u00bb][\/et_pb_image][\/et_pb_column][\/et_pb_row][\/et_pb_section]<\/p>\n","protected":false},"excerpt":{"rendered":"<p>Ayudas y SubvencionesSolicitud de Ayudas y Subvenciones.<\/p>\n","protected":false},"author":1,"featured_media":0,"parent":0,"menu_order":0,"comment_status":"closed","ping_status":"closed","template":"","meta":{"_et_pb_use_builder":"on","_et_pb_old_content":"","_et_gb_content_width":"","footnotes":""},"class_list":["post-289","page","type-page","status-publish","hentry"],"_links":{"self":[{"href":"https:\/\/inatic.impulsoce.net\/index.php?rest_route=\/wp\/v2\/pages\/289","targetHints":{"allow":["GET"]}}],"collection":[{"href":"https:\/\/inatic.impulsoce.net\/index.php?rest_route=\/wp\/v2\/pages"}],"about":[{"href":"https:\/\/inatic.impulsoce.net\/index.php?rest_route=\/wp\/v2\/types\/page"}],"author":[{"embeddable":true,"href":"https:\/\/inatic.impulsoce.net\/index.php?rest_route=\/wp\/v2\/users\/1"}],"replies":[{"embeddable":true,"href":"https:\/\/inatic.impulsoce.net\/index.php?rest_route=%2Fwp%2Fv2%2Fcomments&post=289"}],"version-history":[{"count":2,"href":"https:\/\/inatic.impulsoce.net\/index.php?rest_route=\/wp\/v2\/pages\/289\/revisions"}],"predecessor-version":[{"id":294,"href":"https:\/\/inatic.impulsoce.net\/index.php?rest_route=\/wp\/v2\/pages\/289\/revisions\/294"}],"wp:attachment":[{"href":"https:\/\/inatic.impulsoce.net\/index.php?rest_route=%2Fwp%2Fv2%2Fmedia&parent=289"}],"curies":[{"name":"wp","href":"https:\/\/api.w.org\/{rel}","templated":true}]}}