{"id":114,"date":"2023-04-18T09:57:32","date_gmt":"2023-04-18T09:57:32","guid":{"rendered":"https:\/\/profesor.impulsoce.net\/?page_id=114"},"modified":"2023-04-18T09:58:06","modified_gmt":"2023-04-18T09:58:06","slug":"114-2","status":"publish","type":"page","link":"https:\/\/inatic.impulsoce.net\/?page_id=114","title":{"rendered":"Pol\u00edtica de cookies"},"content":{"rendered":"\n[et_pb_section fb_built=\u00bb1&#8243; theme_builder_area=\u00bbpost_content\u00bb _builder_version=\u00bb4.20.0&#8243; _module_preset=\u00bbdefault\u00bb][et_pb_row _builder_version=\u00bb4.20.0&#8243; _module_preset=\u00bbdefault\u00bb theme_builder_area=\u00bbpost_content\u00bb][et_pb_column _builder_version=\u00bb4.20.0&#8243; _module_preset=\u00bbdefault\u00bb type=\u00bb4_4&#8243; theme_builder_area=\u00bbpost_content\u00bb][et_pb_text _builder_version=\u00bb4.20.0&#8243; _module_preset=\u00bbdefault\u00bb theme_builder_area=\u00bbpost_content\u00bb hover_enabled=\u00bb0&#8243; sticky_enabled=\u00bb0&#8243;]<h3>AVISO LEGAL<\/h3>\n<p>La p\u00e1gina Web factorsl.es es titularidad de Factor Ingenier\u00eda y Decoletaje S.L y cumple con los requisitos derivados de la Ley 34\/2002 de 11 de julio, de Servicios de la Sociedad de la Informaci\u00f3n y de Comercio Electr\u00f3nico, del Real Decreto-ley 13\/2012, de 30 de marzo, as\u00ed como de las obligaci\u00f3n de Informaci\u00f3n al usuario contemplada en la Ley Org\u00e1nica 15\/1999, de 13 de diciembre, de Protecci\u00f3n de Datos de Car\u00e1cter Personal.<\/p>\n<h3>DATOS IDENTIFICATIVOS<\/h3>\n<table>\n<tbody>\n<tr>\n<td width=\"58\">CIF\/NIF:<\/td>\n<td width=\"203\">B-46179669<\/td>\n<\/tr>\n<tr>\n<td width=\"58\">Direcci\u00f3n:<\/td>\n<td width=\"203\">C\/Regadors, 2 \u2013 P.I. Campo Anibal<\/td>\n<\/tr>\n<tr>\n<td width=\"58\">Poblaci\u00f3n:<\/td>\n<td width=\"203\">46530 \u2013 Pu\u00e7ol<\/td>\n<\/tr>\n<tr>\n<td width=\"58\">Provincia:<\/td>\n<td width=\"203\">VALENCIA<\/td>\n<\/tr>\n<tr>\n<td width=\"58\">Tel\u00e9fono:<\/td>\n<td width=\"203\">+34 963 55 78 68<\/td>\n<\/tr>\n<tr>\n<td width=\"58\">Fax:<\/td>\n<td width=\"203\">+34 963 55 78 68<\/td>\n<\/tr>\n<tr>\n<td width=\"58\">Email:<\/td>\n<td width=\"203\"><joomla-hidden-mail is-link=\"1\" is-email=\"1\" first=\"aW5mbw==\" last=\"ZmFjdG9yc2wuZXM=\" text=\"aW5mb0BmYWN0b3JzbC5lcw==\" base=\"\"><a href=\"mailto:info@factorsl.es\" base=\"\">info@factorsl.es<\/a><\/joomla-hidden-mail><\/td>\n<\/tr>\n<\/tbody>\n<\/table>\n<p>Registro Mercantil: TOMO 4465 LIBRO 1777. Libro sociedades, folio 92 hoja V-25195, inscripci\u00f3n 8\u00aa del 23\/07\/1996. Joaqu\u00edn Sapena Davo P\u00e1gina 144 N\u00ba Protocolo 2299<\/p>\n<h3>NOTA LEGAL<\/h3>\n<p>De acuerdo con la normativa vigente en materia de protecci\u00f3n de datos as\u00ed como en materia de servicios de la sociedad de la informaci\u00f3n y de comercio electr\u00f3nico, el usuario acepta que los datos personales aportados en la Web, o cualquier otro facilitado a Factor Ingenier\u00eda y Decoletaje S.L\u00a0 para su acceso a algunos de los servicios sean incorporados a ficheros titularidad de Factor Ingenier\u00eda y Decoletaje S.L, con la finalidad de facilitar la prestaci\u00f3n de los servicios solicitados, para la correcta identificaci\u00f3n de los usuarios que solicitan servicios personalizados en la Web, para la gesti\u00f3n de tareas b\u00e1sicas de administraci\u00f3n, as\u00ed como para mantenerle informado, bien por correo electr\u00f3nico bien por cualquier otro medio, de novedades, productos y servicios relacionados con Factor Ingenier\u00eda y Decoletaje S.L.<\/p>\n<p>En el caso de comunicaciones comerciales a trav\u00e9s de correo electr\u00f3nico o medio equivalente, el usuario presta su consentimiento expreso para el env\u00edo de publicidad a trav\u00e9s de dicho medio.<\/p>\n<p>Factor Ingenier\u00eda y Decoletaje S.L se compromete al cumplimiento de su obligaci\u00f3n de secreto de los datos de car\u00e1cter personal y de su deber de tratarlos con confidencialidad, y asume, a estos efectos, las medidas de \u00edndole t\u00e9cnica, organizativa y de seguridad necesarias para evitar su alteraci\u00f3n, p\u00e9rdida, tratamiento o acceso no autorizado, de acuerdo con lo establecido en la Ley Org\u00e1nica 15\/1999 de 13 de diciembre, de Protecci\u00f3n de Datos de Car\u00e1cter Personal, y dem\u00e1s legislaci\u00f3n aplicable.<\/p>\n<p>Las respuestas de los campos que contienen un asterisco (*) o se\u00f1aladas como obligatorio, tienen un car\u00e1cter obligatorio, al considerarse la informaci\u00f3n m\u00ednima exigible para gestionar la informaci\u00f3n solicitada, sin esta informaci\u00f3n ser\u00eda imposible desarrollar el servicio solicitado. El resto de los campos son de respuesta facultativa.<\/p>\n<p>El usuario responder\u00e1, en cualquier caso, de la veracidad de los datos facilitados, reserv\u00e1ndose Factor Ingenier\u00eda y Decoletaje S.L el derecho a excluir de los servicios registrados a todo usuario que haya facilitado datos falsos, sin perjuicio de las dem\u00e1s acciones que procedan en Derecho.<\/p>\n<p>Cualquier usuario puede en cualquier momento ejercitar sus derechos de acceso, rectificaci\u00f3n, cancelaci\u00f3n y oposici\u00f3n, mediante un escrito, acreditando su identidad, mediante fotocopia del DNI, y especificando el derecho a ejercitar, a: Factor Ingenier\u00eda y Decoletaje S.L, C\/ Regadors, 2 \u2013 P.I. Campo Anibal \u00b7 46530 \u2013 Pu\u00e7ol, VALENCIA.<\/p>\n<p><strong>I. CONDICIONES GENERALES DE USO DEL PORTAL<br \/><\/strong>Este Website ha sido creada por FACTOR con el objetivo de dar a conocer al p\u00fablico todos los tipos de actividades que presta, debi\u00e9ndose considerar la informaci\u00f3n en ella contenida a modo de introducci\u00f3n. Le pedimos que lea cuidadosamente los t\u00e9rmicos y consejos para acceder a esta direcci\u00f3n y a cualquier p\u00e1gina o link inserto en la misma. En caso de acceso, usted se compromete a cumplir con los t\u00e9rminos y condiciones que aparece a continuaci\u00f3n.\u00a0 FACTOR se reserva el derecho a modificar unilateralmente la configuraci\u00f3n de esta p\u00e1gina o los servicios en ella prestados, en cualquier momento y sin necesidad de previo aviso. Si no estuviese de acuerdo con los siguientes t\u00e9rminos o condiciones le rogamos no acceda a esta direcci\u00f3n o a cualquier p\u00e1gina o link de la misma.<\/p>\n<p><strong>II. COPYRIGHT. FACTOR SE RESERVA TODOS LOS DERECHOS<\/strong><br \/>El logo de la empresa FACTOR es marca registrada e identificativa del servicio que presta. Asimismo FACTOR, puede reclamar derechos de marca registrada y marca identificativa de servicios sobre las marcas que pertenezcan a su empresa y aparezcan en el Website.<\/p>\n<p><strong>III. MARCAS REGISTRADAS\u00a0<\/strong><br \/>Los Derechos de Propiedad intelectual de estas p\u00e1ginas, de las pantallas que muestran estas p\u00e1ginas, y de la informaci\u00f3n y material que aparezcan en las mismas, as\u00ed como de su disposici\u00f3n, pertenecen a FACTOR, salvo que se indique lo contrario.<\/p>\n<p><strong>IV. CONDICIONES DE UTILIZACION DE LA PAGINA WEB\u00a0<\/strong><br \/>El contenido de este Website est\u00e1 protegido por las leyes de propiedad intelectual. Dichos contenidos deber\u00e1n ser usados de forma correcta y licita por el usuario y, en particular queda obligado a utilizar dichos contenidos de forma diligente, correcta y l\u00edcita. No podr\u00e1n usarse los contenidos de forma contraria a la ley, a la moral o a las buenas costumbres aceptadas en orden p\u00fablico. Est\u00e1 prohibida la transmisi\u00f3n de cualquier tipo de datos que usted pueda realizar a este Website, o a otras pertenecientes a terceros, sean obscenos, pornogr\u00e1ficos, difamatorios, de car\u00e1cter amenazador o material que pueda ser considerado delito o falta en virtud del vigente C\u00f3digo Penal.\u00a0 Queda prohibida la reproducci\u00f3n, copia, distribuci\u00f3n, transformaci\u00f3n o modificaci\u00f3n de contenidos (textos, im\u00e1genes, voces o estructuras) a menos que se cuente con la autorizaci\u00f3n expresa y por escrito del titular de los derechos adquiridos.<\/p>\n<p><strong>V. DATOS DE CARACTER PERSONAL\u00a0<\/strong><br \/>Una de las finalidades primordiales del Website de FACTOR es dar a conocer las actividades de la empresa, adem\u00e1s del reclutamiento de nuevos clientes.\u00a0 Por tal motivo para utilizar alguno de los servicios que ofrece esta p\u00e1gina se deber\u00e1n de proporcionar una serie de datos del car\u00e1cter personal que se tratar\u00e1n de forma automatizada siguiendo las condiciones que se establecen en la Pol\u00edtica de Protecci\u00f3n de Datos.<\/p>\n<p><strong>VI. RESPONSABILIDAD POR DA\u00d1OS Y PERJUICIOS<br \/><\/strong>El usuario del Website de FACTOR ser\u00e1 responsable de los Da\u00f1os y Perjuicios que FACTOR pueda sufrir directa o indirectamente, como consecuencia del incumplimiento de cualquiera de las obligaciones derivadas establecidas en el presente Aviso Legal.<\/p>\n<p><strong>VII. LIMITE DE RESPONSABILIDAD<br \/><\/strong>En ning\u00fan caso FACTOR ser\u00e1 responsable de alg\u00fan da\u00f1o, incluyendo sin l\u00edmite, da\u00f1os, p\u00e9rdidas o gastos directos, indirectos inherentes o consecuentes que surjan en relaci\u00f3n con la utilizaci\u00f3n de este Website o de los enlaces con otras p\u00e1ginas aqu\u00ed recogidas.\u00a0 En todo caso, de ser requerido por orden judicial FACTOR colaborar\u00e1 con las autoridades pertinentes en la identificaci\u00f3n de las personas responsables de aquellos contenidos que puedan violar la ley. De igual forma, FACTOR, elude toda responsabilidad en los supuestos de fallo en el rendimiento, error, omisi\u00f3n, interrupci\u00f3n, defecto de demora en la operaci\u00f3n de transmisi\u00f3n, virus inform\u00e1tico, fallo del sistema o l\u00ednea, as\u00ed como en el contenido, exactitud y opiniones expresadas y otras conexiones suministradas por el Website de FACTOR conectada a ciertos links de otras p\u00e1ginas web que pertenecen a terceros sobre los que FACTOR no tiene control alguno.<\/p>\n<h3><strong>POL\u00cdTICA DE PRIVACIDAD<\/strong><\/h3>\n<p>FACTOR INGENIERIA Y DECOLETAJE, S.L. es una empresa situada en C\/ Regardors, 2 Pol\u00edgono industrial n2 2., 46530 Puzol (Valencia), dedicada a la fabricaci\u00f3n de pernos y productos de torniller\u00eda.<\/p>\n<p>No tiene asignado Delegado de Protecci\u00f3n de Datos, dado la naturaleza del alcance de sus actividades.<\/p>\n<p>FACTOR INGENIERIA Y DECOLETAJE, S.L. informa a la clientela sobre su pol\u00edtica de protecci\u00f3n de datos de car\u00e1cter personal, para que la clientela determine voluntariamente el hecho de facilitar los que se le puedan requerir. FACTOR INGENIERIA Y DECOLETAJE, S.L. se reserva el derecho a modificar la presente pol\u00edtica para adaptarla a novedades legislativas o jurisprudenciales. En dichos supuestos se anunciar\u00e1n en esta web los cambios introducidos con razonable antelaci\u00f3n a su puesta en pr\u00e1ctica.<\/p>\n<p>En cumplimiento con lo establecido en el Reglamento Europeo, de 27 de Abril de 2016, de Protecci\u00f3n de Datos de Car\u00e1cter personal, informamos de que los datos personales recogidos ser\u00e1n objeto de tratamiento automatizado e incorporados al correspondiente registro de actividad y base de datos de FACTOR INGENIERIA Y DECOLETAJE, S.L.<\/p>\n<p>Dichos datos ser\u00e1n introducidos en el registro de actividad propiedad de la empresa para su uso automatizado y no automatizado dentro de la finalidad indicada en la presente pol\u00edtica.<\/p>\n<p>Sus datos personales ser\u00e1n conservados mientras sean necesarios para la prestaci\u00f3n de los servicios que hubiere contratado o solicitado. En el momento en que no sean necesarios para esta finalidad, los datos ser\u00e1n bloqueados durante el periodo en el que puedan ser necesarios para el ejercicio o la defensa frente a acciones administrativas o judiciales y solo podr\u00e1n ser desbloqueados y tratados de nuevo por este motivo. Superado este periodo, los datos ser\u00e1n definitivamente cancelados.<\/p>\n<p>FACTOR INGENIERIA Y DECOLETAJE, S.L. informa y garantiza expresamente a la clientela que sus datos personales no ser\u00e1n cedidos en ning\u00fan caso a terceros, y que siempre que realizara alg\u00fan tipo de cesi\u00f3n de datos personales, se pedir\u00e1 previamente el consentimiento expreso, informado e inequ\u00edvoco por parte los titulares.<\/p>\n<p>La base jur\u00eddica ser\u00e1 la existente en el momento del tratamiento por parte del encargado del Tratamiento y no podr\u00e1n ser cedidos a terceros salvo obligaci\u00f3n legal, sin previa autorizaci\u00f3n de las partes interesadas.<\/p>\n<p>El usuario garantiza la autenticidad de todos aquellos datos que comunique a trav\u00e9s de la p\u00e1gina web<span>\u00a0<\/span><joomla-hidden-mail is-link=\"1\" is-email=\"1\" first=\"ZmFjdG9y\" last=\"ZmFjdG9yc2wuZXM=\" text=\"ZmFjdG9yQGZhY3RvcnNsLmVz\" base=\"\"><a href=\"mailto:factor@factorsl.es\" base=\"\">factor@factorsl.es<\/a><\/joomla-hidden-mail><span>\u00a0<\/span>y mantendr\u00e1 actualizada la informaci\u00f3n que facilite a FACTOR INGENIERIA Y DECOLETAJE, S.L. de forma que responda en todo momento a su situaci\u00f3n real. Siendo el \u00fanico responsable de las manifestaciones falsas o inexactas que realice, as\u00ed como de los perjuicios que cause por ello a FACTOR INGENIERIA Y DECOLETAJE, S.L. o terceros.<\/p>\n<p>La recogida y tratamiento automatizado de los datos Personales tiene como finalidad la Atenci\u00f3n de solicitudes de informaci\u00f3n, quejas y sugerencias a trav\u00e9s de los formularios de contacto.<\/p>\n<p>La cumplimentaci\u00f3n de los formularios incluidos en el sitio web, implica el consentimiento expreso del Usuario a la inclusi\u00f3n de sus datos de car\u00e1cter personal en el referido fichero automatizado de FACTOR INGENIERIA Y DECOLETAJE, S.L.<\/p>\n<p>FACTOR INGENIERIA Y DECOLETAJE, S.L. ha adoptado los niveles de seguridad de protecci\u00f3n de los datos personales legalmente requeridos para evitar la p\u00e9rdida, mal uso, alteraci\u00f3n, acceso no autorizado y robo de esos datos personales.<\/p>\n<p>La clientela tiene derecho reconocido y podr\u00e1n ejercer los derechos de acceso, rectificaci\u00f3n, supresi\u00f3n, limitaci\u00f3n de tratamiento, portabilidad y oposici\u00f3n al tratamiento de la informaci\u00f3n que le concierne. As\u00ed como el derecho de ser informados de la utilizaci\u00f3n de sus datos personales, enviando un correo electr\u00f3nico a<span>\u00a0<\/span><joomla-hidden-mail is-link=\"1\" is-email=\"1\" first=\"ZmFjdG9y\" last=\"ZmFjdG9yc2wuZXM=\" text=\"ZmFjdG9yQGZhY3RvcnNsLmVz\" base=\"\"><a href=\"mailto:factor@factorsl.es\" base=\"\">factor@factorsl.es<\/a><\/joomla-hidden-mail>. Asimismo, tiene el derecho a presentar una reclamaci\u00f3n ante una autoridad de control.<\/p>[\/et_pb_text][\/et_pb_column][\/et_pb_row][\/et_pb_section]\n","protected":false},"excerpt":{"rendered":"<p>AVISO LEGAL La p\u00e1gina Web factorsl.es es titularidad de Factor Ingenier\u00eda y Decoletaje S.L y cumple con los requisitos derivados de la Ley 34\/2002 de 11 de julio, de Servicios de la Sociedad de la Informaci\u00f3n y de Comercio Electr\u00f3nico, del Real Decreto-ley 13\/2012, de 30 de marzo, as\u00ed como de las obligaci\u00f3n de Informaci\u00f3n [&hellip;]<\/p>\n","protected":false},"author":1,"featured_media":0,"parent":0,"menu_order":0,"comment_status":"closed","ping_status":"closed","template":"","meta":{"_et_pb_use_builder":"on","_et_pb_old_content":"","_et_gb_content_width":"","footnotes":""},"class_list":["post-114","page","type-page","status-publish","hentry"],"_links":{"self":[{"href":"https:\/\/inatic.impulsoce.net\/index.php?rest_route=\/wp\/v2\/pages\/114","targetHints":{"allow":["GET"]}}],"collection":[{"href":"https:\/\/inatic.impulsoce.net\/index.php?rest_route=\/wp\/v2\/pages"}],"about":[{"href":"https:\/\/inatic.impulsoce.net\/index.php?rest_route=\/wp\/v2\/types\/page"}],"author":[{"embeddable":true,"href":"https:\/\/inatic.impulsoce.net\/index.php?rest_route=\/wp\/v2\/users\/1"}],"replies":[{"embeddable":true,"href":"https:\/\/inatic.impulsoce.net\/index.php?rest_route=%2Fwp%2Fv2%2Fcomments&post=114"}],"version-history":[{"count":3,"href":"https:\/\/inatic.impulsoce.net\/index.php?rest_route=\/wp\/v2\/pages\/114\/revisions"}],"predecessor-version":[{"id":117,"href":"https:\/\/inatic.impulsoce.net\/index.php?rest_route=\/wp\/v2\/pages\/114\/revisions\/117"}],"wp:attachment":[{"href":"https:\/\/inatic.impulsoce.net\/index.php?rest_route=%2Fwp%2Fv2%2Fmedia&parent=114"}],"curies":[{"name":"wp","href":"https:\/\/api.w.org\/{rel}","templated":true}]}}